{"id":675,"date":"2021-07-08T08:28:16","date_gmt":"2021-07-08T08:28:16","guid":{"rendered":"https:\/\/parmentierkoeltechniek.be\/climatisation\/"},"modified":"2022-04-12T12:31:29","modified_gmt":"2022-04-12T12:31:29","slug":"climatisation","status":"publish","type":"page","link":"https:\/\/parmentierkoeltechniek.be\/fr\/climatisation\/","title":{"rendered":"Climatisation"},"content":{"rendered":"\t\t<div data-elementor-type=\"wp-page\" data-elementor-id=\"675\" class=\"elementor elementor-675 elementor-178\" data-elementor-post-type=\"page\">\n\t\t\t\t\t\t<section class=\"elementor-section elementor-top-section elementor-element elementor-element-15a7127b elementor-section-boxed elementor-section-height-default elementor-section-height-default\" data-id=\"15a7127b\" data-element_type=\"section\" data-settings=\"{&quot;background_background&quot;:&quot;classic&quot;}\">\n\t\t\t\t\t\t\t<div class=\"elementor-background-overlay\"><\/div>\n\t\t\t\t\t\t\t<div class=\"elementor-container elementor-column-gap-default\">\n\t\t\t\t\t<div class=\"elementor-column elementor-col-100 elementor-top-column elementor-element elementor-element-2daebefa\" data-id=\"2daebefa\" data-element_type=\"column\">\n\t\t\t<div class=\"elementor-widget-wrap elementor-element-populated\">\n\t\t\t\t\t\t\t<\/div>\n\t\t<\/div>\n\t\t\t\t\t<\/div>\n\t\t<\/section>\n\t\t\t\t<section class=\"elementor-section elementor-top-section elementor-element elementor-element-c79422f elementor-section-content-middle elementor-section-boxed elementor-section-height-default elementor-section-height-default\" data-id=\"c79422f\" data-element_type=\"section\" data-settings=\"{&quot;background_background&quot;:&quot;classic&quot;}\">\n\t\t\t\t\t\t<div class=\"elementor-container elementor-column-gap-default\">\n\t\t\t\t\t<div class=\"elementor-column elementor-col-50 elementor-top-column elementor-element elementor-element-f99ec1f\" data-id=\"f99ec1f\" data-element_type=\"column\">\n\t\t\t<div class=\"elementor-widget-wrap elementor-element-populated\">\n\t\t\t\t\t\t<div class=\"elementor-element elementor-element-38d3d76 animated-slow elementor-invisible elementor-widget elementor-widget-heading\" data-id=\"38d3d76\" data-element_type=\"widget\" data-settings=\"{&quot;_animation&quot;:&quot;fadeInRight&quot;}\" data-widget_type=\"heading.default\">\n\t\t\t\t<div class=\"elementor-widget-container\">\n\t\t\t<h5 class=\"elementor-heading-title elementor-size-default\">Technique de r\u00e9frig\u00e9ration Parmentier SA de Schellebelle<\/h5>\t\t<\/div>\n\t\t\t\t<\/div>\n\t\t\t\t<div class=\"elementor-element elementor-element-064e641 elementor-widget elementor-widget-heading\" data-id=\"064e641\" data-element_type=\"widget\" data-widget_type=\"heading.default\">\n\t\t\t\t<div class=\"elementor-widget-container\">\n\t\t\t<h2 class=\"elementor-heading-title elementor-size-default\">Syst\u00e8mes de climatisation qui refroidissent et purifient<\/h2>\t\t<\/div>\n\t\t\t\t<\/div>\n\t\t\t\t<div class=\"elementor-element elementor-element-2e47b6b elementor-widget elementor-widget-text-editor\" data-id=\"2e47b6b\" data-element_type=\"widget\" data-widget_type=\"text-editor.default\">\n\t\t\t\t<div class=\"elementor-widget-container\">\n\t\t\t\t\t\t\t<p>Technique de r\u00e9frig\u00e9ration Parmentier SA installe diff\u00e9rents syst\u00e8mes de climatisation qui <strong>refroidissent<\/strong>, <strong>chauffent<\/strong> et <strong>purifient<\/strong> les locaux. Nous utilisons les meilleures marques comme <strong>General<\/strong> et <strong>LG<\/strong> et nous n&rsquo;avons pas besoin d&rsquo;effectuer des <strong>travaux de coupe<\/strong> ou <strong>de rupture<\/strong> drastiques dans votre entreprise.<\/p><p>Vous pouvez \u00e9galement toujours nous contacter pour faire <strong>entretenir<\/strong> votre syst\u00e8me de climatisation. Aucun type ou marque n&rsquo;a de secret pour nous. Pour les <strong>petites<\/strong> et <strong>grandes r\u00e9parations<\/strong>, nous avons une solution imm\u00e9diate. Nous assurons \u00e9galement un <strong>contr\u00f4le annuel<\/strong> de votre syst\u00e8me.\u00a0<\/p>\t\t\t\t\t\t<\/div>\n\t\t\t\t<\/div>\n\t\t\t\t<div class=\"elementor-element elementor-element-47ab361 elementor-align-left animated-slow elementor-invisible elementor-widget elementor-widget-button\" data-id=\"47ab361\" data-element_type=\"widget\" data-settings=\"{&quot;_animation&quot;:&quot;fadeInLeft&quot;}\" data-widget_type=\"button.default\">\n\t\t\t\t<div class=\"elementor-widget-container\">\n\t\t\t\t\t<div class=\"elementor-button-wrapper\">\n\t\t\t<a class=\"elementor-button elementor-button-link elementor-size-lg elementor-animation-bob\" href=\"\/fr\/contact\/\">\n\t\t\t\t\t\t<span class=\"elementor-button-content-wrapper\">\n\t\t\t\t\t\t<span class=\"elementor-button-text\">Demander une offre<\/span>\n\t\t<\/span>\n\t\t\t\t\t<\/a>\n\t\t<\/div>\n\t\t\t\t<\/div>\n\t\t\t\t<\/div>\n\t\t\t\t\t<\/div>\n\t\t<\/div>\n\t\t\t\t<div class=\"elementor-column elementor-col-50 elementor-top-column elementor-element elementor-element-605d4c2 animated-slow elementor-invisible\" data-id=\"605d4c2\" data-element_type=\"column\" data-settings=\"{&quot;animation&quot;:&quot;fadeInDown&quot;}\">\n\t\t\t<div class=\"elementor-widget-wrap elementor-element-populated\">\n\t\t\t\t\t\t<div class=\"elementor-element elementor-element-60c87d8 elementor-widget elementor-widget-image\" data-id=\"60c87d8\" data-element_type=\"widget\" data-widget_type=\"image.default\">\n\t\t\t\t<div class=\"elementor-widget-container\">\n\t\t\t\t\t\t\t\t\t\t\t\t\t<img fetchpriority=\"high\" decoding=\"async\" width=\"550\" height=\"686\" src=\"https:\/\/parmentierkoeltechniek.be\/wp-content\/uploads\/2021\/06\/PARMENTIER_AIRCO2.png\" class=\"attachment-full size-full wp-image-676\" alt=\"\" srcset=\"https:\/\/parmentierkoeltechniek.be\/wp-content\/uploads\/2021\/06\/PARMENTIER_AIRCO2.png 550w, https:\/\/parmentierkoeltechniek.be\/wp-content\/uploads\/2021\/06\/PARMENTIER_AIRCO2-241x300.png 241w\" sizes=\"(max-width: 550px) 100vw, 550px\">\t\t\t\t\t\t\t\t\t\t\t\t\t<\/div>\n\t\t\t\t<\/div>\n\t\t\t\t\t<\/div>\n\t\t<\/div>\n\t\t\t\t\t<\/div>\n\t\t<\/section>\n\t\t\t\t<\/div>\n\t\t","protected":false},"excerpt":{"rendered":"<p>Technique de r\u00e9frig\u00e9ration Parmentier SA de Schellebelle Syst\u00e8mes de climatisation qui refroidissent et purifient Technique de r\u00e9frig\u00e9ration Parmentier SA installe diff\u00e9rents syst\u00e8mes de climatisation qui refroidissent, chauffent et purifient les locaux. Nous utilisons les meilleures marques comme General et LG et nous n&rsquo;avons pas besoin d&rsquo;effectuer des travaux de coupe ou de rupture drastiques dans [&hellip;]<\/p>\n","protected":false},"author":1,"featured_media":0,"parent":0,"menu_order":0,"comment_status":"closed","ping_status":"closed","template":"elementor_header_footer","meta":{"footnotes":""},"class_list":["post-675","page","type-page","status-publish","hentry"],"_links":{"self":[{"href":"https:\/\/parmentierkoeltechniek.be\/fr\/wp-json\/wp\/v2\/pages\/675","targetHints":{"allow":["GET"]}}],"collection":[{"href":"https:\/\/parmentierkoeltechniek.be\/fr\/wp-json\/wp\/v2\/pages"}],"about":[{"href":"https:\/\/parmentierkoeltechniek.be\/fr\/wp-json\/wp\/v2\/types\/page"}],"author":[{"embeddable":true,"href":"https:\/\/parmentierkoeltechniek.be\/fr\/wp-json\/wp\/v2\/users\/1"}],"replies":[{"embeddable":true,"href":"https:\/\/parmentierkoeltechniek.be\/fr\/wp-json\/wp\/v2\/comments?post=675"}],"version-history":[{"count":10,"href":"https:\/\/parmentierkoeltechniek.be\/fr\/wp-json\/wp\/v2\/pages\/675\/revisions"}],"predecessor-version":[{"id":823,"href":"https:\/\/parmentierkoeltechniek.be\/fr\/wp-json\/wp\/v2\/pages\/675\/revisions\/823"}],"wp:attachment":[{"href":"https:\/\/parmentierkoeltechniek.be\/fr\/wp-json\/wp\/v2\/media?parent=675"}],"curies":[{"name":"wp","href":"https:\/\/api.w.org\/{rel}","templated":true}]}}